{"id":100,"date":"2019-04-29T07:40:52","date_gmt":"2019-04-29T05:40:52","guid":{"rendered":"https:\/\/clubkultur-freiburg.de\/?page_id=100"},"modified":"2025-04-17T08:42:48","modified_gmt":"2025-04-17T06:42:48","slug":"mitglied-werden","status":"publish","type":"page","link":"https:\/\/clubkultur-freiburg.de\/?page_id=100","title":{"rendered":"Mitglied | Spende | Support"},"content":{"rendered":"<h5 class=\"wp-block-heading\"><strong>Du kannst bei Clubkultur e.V. <\/strong>Mitglied <strong>werden,  in dem Du zun\u00e4chst den unten stehenden <\/strong>Mitgliedsantrag <strong>ausf\u00fcllst. Auch ohne Mitgliedschaft kannst du den Verein unterst\u00fctzen. Zum einen durch eine einmalige <\/strong>Spende<strong> oder als <\/strong>Helfer\/in<strong> bei unseren Veranstaltungen.<\/strong><\/h5><p><\/p><div class=\"wp-block-group\"><div class=\"wp-block-group__inner-container is-layout-flow wp-block-group-is-layout-flow\"><\/div><\/div><h2 class=\"wp-block-heading\"><strong>Mitglied werden<\/strong> \u2013 <strong>Und so geht&#8217;s:<\/strong><\/h2><ol class=\"wp-block-list\"><li> unsere <a href=\"https:\/\/clubkultur-freiburg.de\/wp-content\/uploads\/2020\/09\/2020-08-24-Satzung_Clubkultur_eV.pdf\" target=\"_blank\" rel=\"noreferrer noopener\"><strong>VEREINSSATZUNG<\/strong><\/a> lesen \ud83d\ude09<\/li>\n\n<li><strong><a href=\"https:\/\/clubkultur-freiburg.de\/wp-content\/uploads\/2020\/04\/Mietgliedsantrag_22.07.2019-1.pdf\" data-type=\"URL\" data-id=\"https:\/\/clubkultur-freiburg.de\/wp-content\/uploads\/2020\/04\/Mietgliedsantrag_22.07.2019-1.pdf\" target=\"_blank\" rel=\"noreferrer noopener\">MITGLIEDSANTRAG<\/a><\/strong> herunterladen, ausf\u00fcllen und unterschreiben<\/li>\n\n<li>per E-Mail zur\u00fcck an <a href=\"mailto:hallo@clubkultur-freiburg.de\"><strong>hallo@clubkultur-freiburg.de<\/strong><\/a> senden<\/li>\n\n<li><strong>Mitgliedsbeitrag <\/strong>(<strong>20-50 \u20ac\/Jahr<\/strong>) \u00fcberweisen<\/li><\/ol><p>Wenn alles geklappt hat, bekommst Du eine Willkommens-E-Mail von uns. Wenn Du Fragen hast, kontaktiere uns einfach per <a href=\"mailto:hallo@clubkultur-freiburg.de\"><strong>E-Mail<\/strong><\/a>.<\/p><h2 class=\"wp-block-heading\">Spende<\/h2><h5 class=\"wp-block-heading\">Als ehrenamtlicher Verein, der sub\/kulturelle Projekte f\u00f6rdert, freuen wir uns \u00fcber eine einmalige <strong>Spende <\/strong>von Dir. <\/h5><p>UNSERE BANKVERBINDUNG:<\/p><p>Kontoinhaber: <strong>Verein zur Erhaltung und F\u00f6rderung der Pop- und Clubkultur in Freiburg e.V. <\/strong><\/p><p>Institut: Sparkasse Freiburg \u2013 N\u00f6rdlicher Breisgau<br>IBAN: DE25 6805 0101 0013 9439 27<strong><br><\/strong>BIC: FRSPDE66XXX<\/p><h2 class=\"wp-block-heading\">Support<\/h2><h5 class=\"wp-block-heading\">Falls Du uns mit deinem <strong>Know\u2014How<\/strong> bei Veranstaltungen<strong> <\/strong>unterst\u00fctzen m\u00f6chtest, haben wir eine <a href=\"https:\/\/www.facebook.com\/groups\/2863567210378784\/\">Helfergruppe auf Facebook.<\/a> <\/h5><p>Hier kannst Du bei einzelnen Veranstaltungen zwischen Barschicht, VA- und Technikaufbau, Infostand-Betreuung oder sonstigem w\u00e4hlen. Die Unterst\u00fctzung kann zum einen durch Veranstaltungseinnahmen nach Abzug der K\u00fcnstlergagen entlohnt werden oder ehrenamtlich erfolgen.<\/p><p>Schicke uns gerne auch einfach eine Email mit deinem Namen, deiner Nummer und Interesse an: <a href=\"mailto:hallo@clubkutur-freiburg.de\"><strong>hallo@clubkutur-freiburg.de<\/strong><\/a><\/p>","protected":false},"excerpt":{"rendered":"<p>Du kannst bei Clubkultur e.V. Mitglied werden, in dem Du zun\u00e4chst den unten stehenden Mitgliedsantrag ausf\u00fcllst. Auch ohne Mitgliedschaft kannst du den Verein unterst\u00fctzen. Zum einen durch eine einmalige Spende oder als Helfer\/in bei unseren Veranstaltungen. Mitglied werden \u2013 Und so geht&#8217;s: Wenn alles geklappt hat, bekommst Du eine Willkommens-E-Mail von uns. Wenn Du Fragen [&hellip;]<\/p>\n","protected":false},"author":1,"featured_media":0,"parent":0,"menu_order":0,"comment_status":"closed","ping_status":"closed","template":"page_cyan.php","meta":{"footnotes":""},"class_list":["post-100","page","type-page","status-publish","hentry","entry"],"yoast_head":"<!-- This site is optimized with the Yoast SEO plugin v27.3 - https:\/\/yoast.com\/product\/yoast-seo-wordpress\/ -->\n<title>Mitglied | Spende | Support - Clubkultur e.V.<\/title>\n<meta name=\"robots\" content=\"index, follow, max-snippet:-1, max-image-preview:large, max-video-preview:-1\" \/>\n<link rel=\"canonical\" href=\"https:\/\/clubkultur-freiburg.de\/?page_id=100\" \/>\n<meta property=\"og:locale\" content=\"de_DE\" \/>\n<meta property=\"og:type\" content=\"article\" \/>\n<meta property=\"og:title\" content=\"Mitglied | Spende | Support - Clubkultur e.V.\" \/>\n<meta property=\"og:description\" content=\"Du kannst bei Clubkultur e.V. Mitglied werden, in dem Du zun\u00e4chst den unten stehenden Mitgliedsantrag ausf\u00fcllst. Auch ohne Mitgliedschaft kannst du den Verein unterst\u00fctzen. Zum einen durch eine einmalige Spende oder als Helfer\/in bei unseren Veranstaltungen. Mitglied werden \u2013 Und so geht&#8217;s: Wenn alles geklappt hat, bekommst Du eine Willkommens-E-Mail von uns. Wenn Du Fragen [&hellip;]\" \/>\n<meta property=\"og:url\" content=\"https:\/\/clubkultur-freiburg.de\/?page_id=100\" \/>\n<meta property=\"og:site_name\" content=\"Clubkultur e.V.\" \/>\n<meta property=\"article:publisher\" content=\"https:\/\/www.facebook.com\/Clubkultur.e.V.Freiburg\" \/>\n<meta property=\"article:modified_time\" content=\"2025-04-17T06:42:48+00:00\" \/>\n<meta name=\"twitter:card\" content=\"summary_large_image\" \/>\n<meta name=\"twitter:label1\" content=\"Gesch\u00e4tzte Lesezeit\" \/>\n\t<meta name=\"twitter:data1\" content=\"1\u00a0Minute\" \/>\n<script type=\"application\/ld+json\" class=\"yoast-schema-graph\">{\"@context\":\"https:\\\/\\\/schema.org\",\"@graph\":[{\"@type\":\"WebPage\",\"@id\":\"https:\\\/\\\/clubkultur-freiburg.de\\\/?page_id=100\",\"url\":\"https:\\\/\\\/clubkultur-freiburg.de\\\/?page_id=100\",\"name\":\"Mitglied | Spende | Support - Clubkultur e.V.\",\"isPartOf\":{\"@id\":\"https:\\\/\\\/clubkultur-freiburg.de\\\/#website\"},\"datePublished\":\"2019-04-29T05:40:52+00:00\",\"dateModified\":\"2025-04-17T06:42:48+00:00\",\"breadcrumb\":{\"@id\":\"https:\\\/\\\/clubkultur-freiburg.de\\\/?page_id=100#breadcrumb\"},\"inLanguage\":\"de\",\"potentialAction\":[{\"@type\":\"ReadAction\",\"target\":[\"https:\\\/\\\/clubkultur-freiburg.de\\\/?page_id=100\"]}]},{\"@type\":\"BreadcrumbList\",\"@id\":\"https:\\\/\\\/clubkultur-freiburg.de\\\/?page_id=100#breadcrumb\",\"itemListElement\":[{\"@type\":\"ListItem\",\"position\":1,\"name\":\"Startseite\",\"item\":\"https:\\\/\\\/clubkultur-freiburg.de\\\/\"},{\"@type\":\"ListItem\",\"position\":2,\"name\":\"Mitglied | Spende | Support\"}]},{\"@type\":\"WebSite\",\"@id\":\"https:\\\/\\\/clubkultur-freiburg.de\\\/#website\",\"url\":\"https:\\\/\\\/clubkultur-freiburg.de\\\/\",\"name\":\"Clubkultur e.V.\",\"description\":\"Verein zur Erhaltung und F\u00f6rderung der Pop- und Clubkultur in Freiburg e.V.\",\"publisher\":{\"@id\":\"https:\\\/\\\/clubkultur-freiburg.de\\\/#organization\"},\"potentialAction\":[{\"@type\":\"SearchAction\",\"target\":{\"@type\":\"EntryPoint\",\"urlTemplate\":\"https:\\\/\\\/clubkultur-freiburg.de\\\/?s={search_term_string}\"},\"query-input\":{\"@type\":\"PropertyValueSpecification\",\"valueRequired\":true,\"valueName\":\"search_term_string\"}}],\"inLanguage\":\"de\"},{\"@type\":\"Organization\",\"@id\":\"https:\\\/\\\/clubkultur-freiburg.de\\\/#organization\",\"name\":\"Clubkultur e.V.\",\"url\":\"https:\\\/\\\/clubkultur-freiburg.de\\\/\",\"logo\":{\"@type\":\"ImageObject\",\"inLanguage\":\"de\",\"@id\":\"https:\\\/\\\/clubkultur-freiburg.de\\\/#\\\/schema\\\/logo\\\/image\\\/\",\"url\":\"https:\\\/\\\/clubkultur-freiburg.de\\\/wp-content\\\/uploads\\\/2019\\\/07\\\/cropped-logo.png\",\"contentUrl\":\"https:\\\/\\\/clubkultur-freiburg.de\\\/wp-content\\\/uploads\\\/2019\\\/07\\\/cropped-logo.png\",\"width\":787,\"height\":320,\"caption\":\"Clubkultur e.V.\"},\"image\":{\"@id\":\"https:\\\/\\\/clubkultur-freiburg.de\\\/#\\\/schema\\\/logo\\\/image\\\/\"},\"sameAs\":[\"https:\\\/\\\/www.facebook.com\\\/Clubkultur.e.V.Freiburg\",\"https:\\\/\\\/www.instagram.com\\\/clubkultur_ev\\\/\"]}]}<\/script>\n<!-- \/ Yoast SEO plugin. -->","yoast_head_json":{"title":"Mitglied | Spende | Support - Clubkultur e.V.","robots":{"index":"index","follow":"follow","max-snippet":"max-snippet:-1","max-image-preview":"max-image-preview:large","max-video-preview":"max-video-preview:-1"},"canonical":"https:\/\/clubkultur-freiburg.de\/?page_id=100","og_locale":"de_DE","og_type":"article","og_title":"Mitglied | Spende | Support - Clubkultur e.V.","og_description":"Du kannst bei Clubkultur e.V. Mitglied werden, in dem Du zun\u00e4chst den unten stehenden Mitgliedsantrag ausf\u00fcllst. Auch ohne Mitgliedschaft kannst du den Verein unterst\u00fctzen. Zum einen durch eine einmalige Spende oder als Helfer\/in bei unseren Veranstaltungen. Mitglied werden \u2013 Und so geht&#8217;s: Wenn alles geklappt hat, bekommst Du eine Willkommens-E-Mail von uns. Wenn Du Fragen [&hellip;]","og_url":"https:\/\/clubkultur-freiburg.de\/?page_id=100","og_site_name":"Clubkultur e.V.","article_publisher":"https:\/\/www.facebook.com\/Clubkultur.e.V.Freiburg","article_modified_time":"2025-04-17T06:42:48+00:00","twitter_card":"summary_large_image","twitter_misc":{"Gesch\u00e4tzte Lesezeit":"1\u00a0Minute"},"schema":{"@context":"https:\/\/schema.org","@graph":[{"@type":"WebPage","@id":"https:\/\/clubkultur-freiburg.de\/?page_id=100","url":"https:\/\/clubkultur-freiburg.de\/?page_id=100","name":"Mitglied | Spende | Support - Clubkultur e.V.","isPartOf":{"@id":"https:\/\/clubkultur-freiburg.de\/#website"},"datePublished":"2019-04-29T05:40:52+00:00","dateModified":"2025-04-17T06:42:48+00:00","breadcrumb":{"@id":"https:\/\/clubkultur-freiburg.de\/?page_id=100#breadcrumb"},"inLanguage":"de","potentialAction":[{"@type":"ReadAction","target":["https:\/\/clubkultur-freiburg.de\/?page_id=100"]}]},{"@type":"BreadcrumbList","@id":"https:\/\/clubkultur-freiburg.de\/?page_id=100#breadcrumb","itemListElement":[{"@type":"ListItem","position":1,"name":"Startseite","item":"https:\/\/clubkultur-freiburg.de\/"},{"@type":"ListItem","position":2,"name":"Mitglied | Spende | Support"}]},{"@type":"WebSite","@id":"https:\/\/clubkultur-freiburg.de\/#website","url":"https:\/\/clubkultur-freiburg.de\/","name":"Clubkultur e.V.","description":"Verein zur Erhaltung und F\u00f6rderung der Pop- und Clubkultur in Freiburg e.V.","publisher":{"@id":"https:\/\/clubkultur-freiburg.de\/#organization"},"potentialAction":[{"@type":"SearchAction","target":{"@type":"EntryPoint","urlTemplate":"https:\/\/clubkultur-freiburg.de\/?s={search_term_string}"},"query-input":{"@type":"PropertyValueSpecification","valueRequired":true,"valueName":"search_term_string"}}],"inLanguage":"de"},{"@type":"Organization","@id":"https:\/\/clubkultur-freiburg.de\/#organization","name":"Clubkultur e.V.","url":"https:\/\/clubkultur-freiburg.de\/","logo":{"@type":"ImageObject","inLanguage":"de","@id":"https:\/\/clubkultur-freiburg.de\/#\/schema\/logo\/image\/","url":"https:\/\/clubkultur-freiburg.de\/wp-content\/uploads\/2019\/07\/cropped-logo.png","contentUrl":"https:\/\/clubkultur-freiburg.de\/wp-content\/uploads\/2019\/07\/cropped-logo.png","width":787,"height":320,"caption":"Clubkultur e.V."},"image":{"@id":"https:\/\/clubkultur-freiburg.de\/#\/schema\/logo\/image\/"},"sameAs":["https:\/\/www.facebook.com\/Clubkultur.e.V.Freiburg","https:\/\/www.instagram.com\/clubkultur_ev\/"]}]}},"_links":{"self":[{"href":"https:\/\/clubkultur-freiburg.de\/index.php?rest_route=\/wp\/v2\/pages\/100","targetHints":{"allow":["GET"]}}],"collection":[{"href":"https:\/\/clubkultur-freiburg.de\/index.php?rest_route=\/wp\/v2\/pages"}],"about":[{"href":"https:\/\/clubkultur-freiburg.de\/index.php?rest_route=\/wp\/v2\/types\/page"}],"author":[{"embeddable":true,"href":"https:\/\/clubkultur-freiburg.de\/index.php?rest_route=\/wp\/v2\/users\/1"}],"replies":[{"embeddable":true,"href":"https:\/\/clubkultur-freiburg.de\/index.php?rest_route=%2Fwp%2Fv2%2Fcomments&post=100"}],"version-history":[{"count":15,"href":"https:\/\/clubkultur-freiburg.de\/index.php?rest_route=\/wp\/v2\/pages\/100\/revisions"}],"predecessor-version":[{"id":982,"href":"https:\/\/clubkultur-freiburg.de\/index.php?rest_route=\/wp\/v2\/pages\/100\/revisions\/982"}],"wp:attachment":[{"href":"https:\/\/clubkultur-freiburg.de\/index.php?rest_route=%2Fwp%2Fv2%2Fmedia&parent=100"}],"curies":[{"name":"wp","href":"https:\/\/api.w.org\/{rel}","templated":true}]}}